{"id":102,"date":"2021-12-15T14:49:57","date_gmt":"2021-12-15T14:49:57","guid":{"rendered":"https:\/\/startersites.io\/blocksy\/garderobe\/?post_type=product&#038;p=102"},"modified":"2025-04-06T10:37:14","modified_gmt":"2025-04-06T15:37:14","slug":"102","status":"publish","type":"product","link":"https:\/\/duarteisabella.com\/en\/product\/102\/","title":{"rendered":"Classic Decorative Woman Fedora"},"content":{"rendered":"<h2>Gran Estilo y Versatilidad<\/h2>\n<p>Presentamos el elegante sombrero sofisticado, una pieza que combina dise\u00f1o contempor\u00e1neo y femineidad. Su elegante lazo marr\u00f3n de sat\u00e9n le a\u00f1ade un toque de distinci\u00f3n, haci\u00e9ndolo perfecto para cualquier temporada. Ya sea que est\u00e9s buscando un accesorio para una ceremonia especial, una salida casual o simplemente desees realzar tu atuendo diario, este sombrero es la soluci\u00f3n ideal para expresar tu estilo \u00fanico.<\/p>\n<h2>Detalles que Hacen la Diferencia<\/h2>\n<p>Confeccionado con materiales de alta calidad, este sombrero no solo es visualmente atractivo, sino tambi\u00e9n c\u00f3modo de llevar. La textura suave y ligera garantiza que puedas disfrutar de horas de uso sin incomodidades. Su dise\u00f1o incluye detalles bien pensados, como la forma estructurada que ofrece una excelente protecci\u00f3n contra el sol, manteniendo tu piel a salvo mientras luces fabulosa.<\/p>\n<h2>Un Accesorio para Todas las Temporadas<\/h2>\n<p>La versatilidad de este sombrero es uno de sus mayores encantos. Se adapta perfectamente a cualquier estaci\u00f3n del a\u00f1o, lo que significa que no solo es una opci\u00f3n ideal para el verano, sino que tambi\u00e9n se puede combinar con abrigos y bufandas en invierno. Con su sofisticado lazo marr\u00f3n y su dise\u00f1o refinado, este sombrero seguramente se convertir\u00e1 en un imprescindible en tu colecci\u00f3n de accesorios. No te pierdas la oportunidad de elevar tu look con esta pieza excepcional que demostrar\u00e1 que la elegancia est\u00e1 en los detalles.<\/p>","protected":false},"excerpt":{"rendered":"<p><span class=\"OYPEnA font-feature-liga-off font-feature-clig-off font-feature-calt-off text-decoration-none text-strikethrough-none\">A sophisticated hat with feminine touches, like the elegant satin brown bow. It's the perfect choice for any season.<\/span><\/p>","protected":false},"featured_media":744,"comment_status":"open","ping_status":"closed","template":"","meta":[],"product_brand":[],"product_cat":[16],"product_tag":[],"class_list":{"0":"post-102","1":"product","2":"type-product","3":"status-publish","4":"has-post-thumbnail","6":"product_cat-sin-categoria","8":"first","9":"instock","10":"sale","11":"shipping-taxable","12":"purchasable","13":"product-type-simple"},"_links":{"self":[{"href":"https:\/\/duarteisabella.com\/en\/wp-json\/wp\/v2\/product\/102","targetHints":{"allow":["GET"]}}],"collection":[{"href":"https:\/\/duarteisabella.com\/en\/wp-json\/wp\/v2\/product"}],"about":[{"href":"https:\/\/duarteisabella.com\/en\/wp-json\/wp\/v2\/types\/product"}],"replies":[{"embeddable":true,"href":"https:\/\/duarteisabella.com\/en\/wp-json\/wp\/v2\/comments?post=102"}],"wp:featuredmedia":[{"embeddable":true,"href":"https:\/\/duarteisabella.com\/en\/wp-json\/wp\/v2\/media\/744"}],"wp:attachment":[{"href":"https:\/\/duarteisabella.com\/en\/wp-json\/wp\/v2\/media?parent=102"}],"wp:term":[{"taxonomy":"product_brand","embeddable":true,"href":"https:\/\/duarteisabella.com\/en\/wp-json\/wp\/v2\/product_brand?post=102"},{"taxonomy":"product_cat","embeddable":true,"href":"https:\/\/duarteisabella.com\/en\/wp-json\/wp\/v2\/product_cat?post=102"},{"taxonomy":"product_tag","embeddable":true,"href":"https:\/\/duarteisabella.com\/en\/wp-json\/wp\/v2\/product_tag?post=102"}],"curies":[{"name":"wp","href":"https:\/\/api.w.org\/{rel}","templated":true}]}}