{"id":527,"date":"2021-12-23T22:41:39","date_gmt":"2021-12-23T22:41:39","guid":{"rendered":"https:\/\/startersites.io\/blocksy\/garderobe\/?post_type=product&#038;p=527"},"modified":"2025-04-06T10:17:34","modified_gmt":"2025-04-06T15:17:34","slug":"black-t-shirt","status":"publish","type":"product","link":"https:\/\/duarteisabella.com\/en\/product\/black-t-shirt\/","title":{"rendered":"Contemporary Red Cowboy Hat"},"content":{"rendered":"<h2>\u00a1Atr\u00e9vete a destacar con nuestro sombrero burdeos!<\/h2>\n<p>Imagina un sombrero llamativo en un vibrante tono burdeos, dise\u00f1ado para quienes buscan destacar con estilo. Este exquisito accesorio es perfecto para cualquier evento, desde una tarde de verano al aire libre hasta una celebraci\u00f3n elegante. Con su color profundo y su dise\u00f1o sofisticado, este sombrero no solo es una declaraci\u00f3n de moda, sino tambi\u00e9n un s\u00edmbolo de tu personalidad \u00fanica.<\/p>\n<h2>Detalles que marcan la diferencia<\/h2>\n<p>Nuestro sombrero cuenta con una cinta ajustable, la cual se adapta c\u00f3modamente a cualquier tama\u00f1o de cabeza. Adem\u00e1s, est\u00e1 decorada con una hebilla met\u00e1lica que a\u00f1ade un toque de elegancia y distinci\u00f3n. Este detalle no solo mejora la est\u00e9tica del sombrero, sino que tambi\u00e9n garantiza que se mantenga en su lugar, permiti\u00e9ndote disfrutar de tu d\u00eda sin preocupaciones.<\/p>\n<h2>Combinaciones vers\u00e1tiles para tu guardarropa<\/h2>\n<p>El sombrero burdeos es una opci\u00f3n vers\u00e1til que se puede combinar f\u00e1cilmente con una variedad de atuendos. Ya sea que optes por un look casual o algo m\u00e1s formal, este sombrero realzar\u00e1 cualquier conjunto. Usa tus prendas de verano o aquel vestido de noche y deja que el sombrero sea el protagonista. \u00a1Con \u00e9l, no hay manera de pasar desapercibido!<\/p>\n<p>Este accesorio es ideal tambi\u00e9n para regalar a amigos y seres queridos, ya que su dise\u00f1o atractivo es apto para todos los gustos. Si deseas hacer una declaraci\u00f3n de moda, este sombrero seguramente cumplir\u00e1 con tus expectativas y m\u00e1s. \u00a1Agrega un toque de color y sofisticaci\u00f3n a tu estilo con nuestro sombrero burdeos, y prep\u00e1rate para recibir cumplidos!<\/p>","protected":false},"excerpt":{"rendered":"<p><span class=\"OYPEnA font-feature-liga-off font-feature-clig-off font-feature-calt-off text-decoration-none text-strikethrough-none\">A striking hat in a vibrant burgundy shade, designed for those who wish to stand out with style. It features an adjustable ribbon adorned with a metallic buckle.<\/span><\/p>","protected":false},"featured_media":704,"comment_status":"open","ping_status":"closed","template":"","meta":[],"product_brand":[],"product_cat":[16],"product_tag":[],"class_list":{"0":"post-527","1":"product","2":"type-product","3":"status-publish","4":"has-post-thumbnail","6":"product_cat-sin-categoria","8":"first","9":"instock","10":"sale","11":"shipping-taxable","12":"purchasable","13":"product-type-simple"},"_links":{"self":[{"href":"https:\/\/duarteisabella.com\/en\/wp-json\/wp\/v2\/product\/527","targetHints":{"allow":["GET"]}}],"collection":[{"href":"https:\/\/duarteisabella.com\/en\/wp-json\/wp\/v2\/product"}],"about":[{"href":"https:\/\/duarteisabella.com\/en\/wp-json\/wp\/v2\/types\/product"}],"replies":[{"embeddable":true,"href":"https:\/\/duarteisabella.com\/en\/wp-json\/wp\/v2\/comments?post=527"}],"wp:featuredmedia":[{"embeddable":true,"href":"https:\/\/duarteisabella.com\/en\/wp-json\/wp\/v2\/media\/704"}],"wp:attachment":[{"href":"https:\/\/duarteisabella.com\/en\/wp-json\/wp\/v2\/media?parent=527"}],"wp:term":[{"taxonomy":"product_brand","embeddable":true,"href":"https:\/\/duarteisabella.com\/en\/wp-json\/wp\/v2\/product_brand?post=527"},{"taxonomy":"product_cat","embeddable":true,"href":"https:\/\/duarteisabella.com\/en\/wp-json\/wp\/v2\/product_cat?post=527"},{"taxonomy":"product_tag","embeddable":true,"href":"https:\/\/duarteisabella.com\/en\/wp-json\/wp\/v2\/product_tag?post=527"}],"curies":[{"name":"wp","href":"https:\/\/api.w.org\/{rel}","templated":true}]}}