{"id":529,"date":"2021-12-23T22:43:09","date_gmt":"2021-12-23T22:43:09","guid":{"rendered":"https:\/\/startersites.io\/blocksy\/garderobe\/?post_type=product&#038;p=529"},"modified":"2025-04-06T10:16:26","modified_gmt":"2025-04-06T15:16:26","slug":"gray-shoes","status":"publish","type":"product","link":"https:\/\/duarteisabella.com\/en\/product\/gray-shoes\/","title":{"rendered":"Classic Casual Black Felt Fedora"},"content":{"rendered":"<h2>Elegancia y Estilo en Cada Detalle<\/h2>\n<p>Descubre el sombrero Fedora moderno que se ha convertido en un imprescindible para quienes buscan a\u00f1adir un toque de sofisticaci\u00f3n a su vestimenta. Con su dise\u00f1o minimalista, este sombrero no solo resalta tu estilo personal, sino que tambi\u00e9n se adapta a diversas ocasiones, desde eventos formales hasta salidas casuales. Su estructura firme y a la vez ligera lo hace c\u00f3modo para usar durante todo el d\u00eda.<\/p>\n<h2>Un Dise\u00f1o Atemporal<\/h2>\n<p>Este sombrero Fedora se caracteriza por su aspecto contempor\u00e1neo, cuidadosamente elaborado para ofrecer un equilibrio perfecto entre estilo y funcionalidad. La elegante cinta marr\u00f3n, que adorna su base, se complementa con costuras en contraste que aportan un detalle visual atractivo. Es un accesorio vers\u00e1til que se adapta a diferentes looks, permiti\u00e9ndote destacarte sin esfuerzo.<\/p>\n<h2>Calidad que Perdura<\/h2>\n<p>Fabricado con materiales de alta calidad, este sombrero Fedora est\u00e1 dise\u00f1ado para durar. La atenci\u00f3n al detalle en su confecci\u00f3n asegura que cada elemento, desde su forma hasta sus acabados, sea de la m\u00e1s alta calidad. Al elegir este sombrero, no solo te llevas un accesorio, sino una pieza de moda que te acompa\u00f1ar\u00e1 en m\u00faltiples temporadas. Ya sea que lo uses para completar un atuendo de oficina o para disfrutar de un d\u00eda relajado al aire libre, el sombrero Fedora es la elecci\u00f3n perfecta que combina durabilidad y estilo.<\/p>","protected":false},"excerpt":{"rendered":"<p>This Fedora hat features a modern, minimalist design, adorned with an elegant brown ribbon with contrasting stitching.<\/p>","protected":false},"featured_media":737,"comment_status":"open","ping_status":"closed","template":"","meta":[],"product_brand":[],"product_cat":[16],"product_tag":[],"class_list":{"0":"post-529","1":"product","2":"type-product","3":"status-publish","4":"has-post-thumbnail","6":"product_cat-sin-categoria","8":"first","9":"instock","10":"sale","11":"shipping-taxable","12":"purchasable","13":"product-type-simple"},"_links":{"self":[{"href":"https:\/\/duarteisabella.com\/en\/wp-json\/wp\/v2\/product\/529","targetHints":{"allow":["GET"]}}],"collection":[{"href":"https:\/\/duarteisabella.com\/en\/wp-json\/wp\/v2\/product"}],"about":[{"href":"https:\/\/duarteisabella.com\/en\/wp-json\/wp\/v2\/types\/product"}],"replies":[{"embeddable":true,"href":"https:\/\/duarteisabella.com\/en\/wp-json\/wp\/v2\/comments?post=529"}],"wp:featuredmedia":[{"embeddable":true,"href":"https:\/\/duarteisabella.com\/en\/wp-json\/wp\/v2\/media\/737"}],"wp:attachment":[{"href":"https:\/\/duarteisabella.com\/en\/wp-json\/wp\/v2\/media?parent=529"}],"wp:term":[{"taxonomy":"product_brand","embeddable":true,"href":"https:\/\/duarteisabella.com\/en\/wp-json\/wp\/v2\/product_brand?post=529"},{"taxonomy":"product_cat","embeddable":true,"href":"https:\/\/duarteisabella.com\/en\/wp-json\/wp\/v2\/product_cat?post=529"},{"taxonomy":"product_tag","embeddable":true,"href":"https:\/\/duarteisabella.com\/en\/wp-json\/wp\/v2\/product_tag?post=529"}],"curies":[{"name":"wp","href":"https:\/\/api.w.org\/{rel}","templated":true}]}}