{"id":872,"date":"2025-04-10T16:19:47","date_gmt":"2025-04-10T21:19:47","guid":{"rendered":"https:\/\/duarteisabella.com\/?post_type=product&#038;p=872"},"modified":"2025-04-10T16:47:33","modified_gmt":"2025-04-10T21:47:33","slug":"white-panama","status":"publish","type":"product","link":"https:\/\/duarteisabella.com\/en\/product\/white-panama\/","title":{"rendered":"White Panam\u00e1"},"content":{"rendered":"<h2>The Perfect Hat for Every Occasion<\/h2>\n<p>Descubre la perfecta combinaci\u00f3n de estilo y funcionalidad con nuestro sombrero moderno de toquilla blanqueada. Este sombrero no solo es un accesorio, es una declaraci\u00f3n de elegancia. Su dise\u00f1o pulido y fresco en tono blanco lo convierte en la opci\u00f3n ideal para esos d\u00edas soleados, mientras que su construcci\u00f3n de punto grueso asegura durabilidad y resistencia.<\/p>\n<h2>Dise\u00f1o Sofisticado y Vers\u00e1til<\/h2>\n<p>El sombrero destaca por su cinta negra contrastante que realza su est\u00e9tica, ofreciendo una apariencia sofisticada que es f\u00e1cil de combinar con cualquier atuendo. Ya sea para un d\u00eda en la playa, una salida casual o un evento especial, este sombrero se adapta a diversas ocasiones, brindando un toque chic a tu look. Sin importar d\u00f3nde vayas, estar\u00e1s luciendo impecable y a la moda.<\/p>\n<h2>Calidad y Comodidad<\/h2>\n<p>Fabricado con materiales de alta calidad, este sombrero proporciona no solo estilo, sino tambi\u00e9n confort. La toquilla blanqueada permite que la piel respire, manteni\u00e9ndote fresco incluso en los d\u00edas m\u00e1s calurosos. Aprovecha las largas jornadas soleadas sin preocuparte por el calor, gracias a este accesorio que combina a la perfecci\u00f3n confort y sofisticaci\u00f3n.<\/p>\n<p>Adquiere hoy tu sombrero moderno de toquilla blanqueada y experimenta la fusi\u00f3n ideal de elegancia y frescura. No te quedes sin el tuyo \u2014 haz una declaraci\u00f3n de estilo cada vez que salgas al sol.<\/p>","protected":false},"excerpt":{"rendered":"<p>Descubre la perfecta combinaci\u00f3n de estilo y funcionalidad con nuestro sombrero moderno de toquilla blanqueada. Este sombrero no solo es un accesorio, es una declaraci\u00f3n de elegancia. Su dise\u00f1o pulido y fresco en tono blanco lo convierte en la opci\u00f3n ideal para esos d\u00edas soleados, mientras que su construcci\u00f3n de punto grueso asegura durabilidad y resistencia.<\/p>","protected":false},"featured_media":766,"comment_status":"open","ping_status":"closed","template":"","meta":[],"product_brand":[],"product_cat":[31],"product_tag":[],"class_list":{"0":"post-872","1":"product","2":"type-product","3":"status-publish","4":"has-post-thumbnail","6":"product_cat-panama","8":"first","9":"instock","10":"sale","11":"shipping-taxable","12":"purchasable","13":"product-type-simple"},"_links":{"self":[{"href":"https:\/\/duarteisabella.com\/en\/wp-json\/wp\/v2\/product\/872","targetHints":{"allow":["GET"]}}],"collection":[{"href":"https:\/\/duarteisabella.com\/en\/wp-json\/wp\/v2\/product"}],"about":[{"href":"https:\/\/duarteisabella.com\/en\/wp-json\/wp\/v2\/types\/product"}],"replies":[{"embeddable":true,"href":"https:\/\/duarteisabella.com\/en\/wp-json\/wp\/v2\/comments?post=872"}],"wp:featuredmedia":[{"embeddable":true,"href":"https:\/\/duarteisabella.com\/en\/wp-json\/wp\/v2\/media\/766"}],"wp:attachment":[{"href":"https:\/\/duarteisabella.com\/en\/wp-json\/wp\/v2\/media?parent=872"}],"wp:term":[{"taxonomy":"product_brand","embeddable":true,"href":"https:\/\/duarteisabella.com\/en\/wp-json\/wp\/v2\/product_brand?post=872"},{"taxonomy":"product_cat","embeddable":true,"href":"https:\/\/duarteisabella.com\/en\/wp-json\/wp\/v2\/product_cat?post=872"},{"taxonomy":"product_tag","embeddable":true,"href":"https:\/\/duarteisabella.com\/en\/wp-json\/wp\/v2\/product_tag?post=872"}],"curies":[{"name":"wp","href":"https:\/\/api.w.org\/{rel}","templated":true}]}}