{"id":873,"date":"2025-04-10T16:22:56","date_gmt":"2025-04-10T21:22:56","guid":{"rendered":"https:\/\/duarteisabella.com\/?post_type=product&#038;p=873"},"modified":"2025-04-10T16:47:05","modified_gmt":"2025-04-10T21:47:05","slug":"classic-panama","status":"publish","type":"product","link":"https:\/\/duarteisabella.com\/en\/product\/classic-panama\/","title":{"rendered":"Classic Panam\u00e1"},"content":{"rendered":"<h2>Descubre el Dise\u00f1o Elegante<\/h2>\n<p>El Sombrero Cl\u00e1sico de Toquilla punto grueso es un complemento esencial para tu guardarropa. Su dise\u00f1o natural y atemporal no solo resalta la elegancia, sino que tambi\u00e9n ofrece una gran funcionalidad. Este sombrero es ideal para diversas ocasiones, desde un d\u00eda de campo hasta una salida casual en la ciudad, manteni\u00e9ndote protegido de los rayos del sol con estilo.<\/p>\n<h2>Calidad en Cada Detalle<\/h2>\n<p>Fabricado con material de toquilla de alta calidad, este sombrero es resistente y durable, lo que asegura que lo disfrutar\u00e1s durante mucho tiempo. La tela permite una excelente ventilaci\u00f3n, manteniendo tu cabeza fresca en climas c\u00e1lidos. Adem\u00e1s, la ala mediana proporciona la cobertura ideal para proteger tu rostro sin comprometer tu visi\u00f3n.<\/p>\n<h2>Versatilidad para Todos los Estilos<\/h2>\n<p>Con una cinta negra discreta que a\u00f1ade un toque de sofisticaci\u00f3n, este sombrero es perfecto tanto para hombres como para mujeres. Puedes combinarlo con una variedad de atuendos, desde un look casual hasta algo m\u00e1s elegante. No importa tu estilo personal, este sombrero de toquilla punto grueso ser\u00e1 un excelente complemento. Ya sea que est\u00e9s en busca de un accesorio funcional para el verano o simplemente quieras realzar tu atuendo, este sombrero es la elecci\u00f3n perfecta para ti.<\/p>","protected":false},"excerpt":{"rendered":"<p>El Sombrero Cl\u00e1sico de Toquilla punto grueso es un complemento esencial para tu guardarropa. Su dise\u00f1o natural y atemporal no solo resalta la elegancia, sino que tambi\u00e9n ofrece una gran funcionalidad. Este sombrero es ideal para diversas ocasiones, desde un d\u00eda de campo hasta una salida casual en la ciudad, manteni\u00e9ndote protegido de los rayos del sol con estilo.<\/p>","protected":false},"featured_media":771,"comment_status":"open","ping_status":"closed","template":"","meta":[],"product_brand":[],"product_cat":[31],"product_tag":[],"class_list":{"0":"post-873","1":"product","2":"type-product","3":"status-publish","4":"has-post-thumbnail","6":"product_cat-panama","8":"first","9":"instock","10":"shipping-taxable","11":"purchasable","12":"product-type-simple"},"_links":{"self":[{"href":"https:\/\/duarteisabella.com\/en\/wp-json\/wp\/v2\/product\/873","targetHints":{"allow":["GET"]}}],"collection":[{"href":"https:\/\/duarteisabella.com\/en\/wp-json\/wp\/v2\/product"}],"about":[{"href":"https:\/\/duarteisabella.com\/en\/wp-json\/wp\/v2\/types\/product"}],"replies":[{"embeddable":true,"href":"https:\/\/duarteisabella.com\/en\/wp-json\/wp\/v2\/comments?post=873"}],"wp:featuredmedia":[{"embeddable":true,"href":"https:\/\/duarteisabella.com\/en\/wp-json\/wp\/v2\/media\/771"}],"wp:attachment":[{"href":"https:\/\/duarteisabella.com\/en\/wp-json\/wp\/v2\/media?parent=873"}],"wp:term":[{"taxonomy":"product_brand","embeddable":true,"href":"https:\/\/duarteisabella.com\/en\/wp-json\/wp\/v2\/product_brand?post=873"},{"taxonomy":"product_cat","embeddable":true,"href":"https:\/\/duarteisabella.com\/en\/wp-json\/wp\/v2\/product_cat?post=873"},{"taxonomy":"product_tag","embeddable":true,"href":"https:\/\/duarteisabella.com\/en\/wp-json\/wp\/v2\/product_tag?post=873"}],"curies":[{"name":"wp","href":"https:\/\/api.w.org\/{rel}","templated":true}]}}