{"id":875,"date":"2025-04-10T16:28:22","date_gmt":"2025-04-10T21:28:22","guid":{"rendered":"https:\/\/duarteisabella.com\/?post_type=product&#038;p=875"},"modified":"2025-04-10T16:46:12","modified_gmt":"2025-04-10T21:46:12","slug":"canotier-de-toquilla-natural","status":"publish","type":"product","link":"https:\/\/duarteisabella.com\/en\/product\/canotier-de-toquilla-natural\/","title":{"rendered":"Canotier de Toquilla Natural"},"content":{"rendered":"<h2>Estilo Cl\u00e1sico y Moderno<\/h2>\n<p>Descubre nuestro canotier de toquilla natural, que combina la elegancia del estilo cl\u00e1sico con una silueta moderna de ala ancha. Este sombrero destaca por su dise\u00f1o atemporal, ideal para quienes buscan un distintivo toque en su atuendo. Su ala ancha no solo aporta sombra en los d\u00edas soleados, sino que tambi\u00e9n a\u00f1ade un aire de sofisticaci\u00f3n, convirti\u00e9ndolo en una elecci\u00f3n perfecta para diversos eventos.<\/p>\n<h2>Versatilidad del Accesorio<\/h2>\n<p>El color natural del canotier, acompa\u00f1ado de una elegante cinta negra, lo convierte en un accesorio vers\u00e1til que puede complementar cualquier outfit. Desde paseos informales por la ciudad hasta eventos formales al aire libre, este sombrero es la elecci\u00f3n adecuada para diversas ocasiones. Su dise\u00f1o se adapta perfectamente a tu estilo, ya sea que busques un look relajado o una apariencia m\u00e1s pulida y profesional.<\/p>\n<h2>Comodidad y Calidad<\/h2>\n<p>Fabricado con material de alta calidad, este canotier de toquilla natural no solo es visualmente atractivo, sino que tambi\u00e9n ofrece una comodidad excepcional. Su construcci\u00f3n ligera permite que se use durante horas sin incomodidad, mientras que su durabilidad garantiza que este accesorio se convierta en un elemento b\u00e1sico en tu guardarropa. No te pierdas la oportunidad de a\u00f1adir este sombrero elegante y funcional a tu colecci\u00f3n.<\/p>","protected":false},"excerpt":{"rendered":"<p>Descubre nuestro canotier de toquilla natural, que combina la elegancia del estilo cl\u00e1sico con una silueta moderna de ala ancha. Este sombrero destaca por su dise\u00f1o atemporal, ideal para quienes buscan un distintivo toque en su atuendo. Su ala ancha no solo aporta sombra en los d\u00edas soleados, sino que tambi\u00e9n a\u00f1ade un aire de sofisticaci\u00f3n, convirti\u00e9ndolo en una elecci\u00f3n perfecta para diversos eventos.<\/p>","protected":false},"featured_media":760,"comment_status":"open","ping_status":"closed","template":"","meta":[],"product_brand":[],"product_cat":[30],"product_tag":[],"class_list":{"0":"post-875","1":"product","2":"type-product","3":"status-publish","4":"has-post-thumbnail","6":"product_cat-canotier","8":"first","9":"instock","10":"shipping-taxable","11":"purchasable","12":"product-type-simple"},"_links":{"self":[{"href":"https:\/\/duarteisabella.com\/en\/wp-json\/wp\/v2\/product\/875","targetHints":{"allow":["GET"]}}],"collection":[{"href":"https:\/\/duarteisabella.com\/en\/wp-json\/wp\/v2\/product"}],"about":[{"href":"https:\/\/duarteisabella.com\/en\/wp-json\/wp\/v2\/types\/product"}],"replies":[{"embeddable":true,"href":"https:\/\/duarteisabella.com\/en\/wp-json\/wp\/v2\/comments?post=875"}],"wp:featuredmedia":[{"embeddable":true,"href":"https:\/\/duarteisabella.com\/en\/wp-json\/wp\/v2\/media\/760"}],"wp:attachment":[{"href":"https:\/\/duarteisabella.com\/en\/wp-json\/wp\/v2\/media?parent=875"}],"wp:term":[{"taxonomy":"product_brand","embeddable":true,"href":"https:\/\/duarteisabella.com\/en\/wp-json\/wp\/v2\/product_brand?post=875"},{"taxonomy":"product_cat","embeddable":true,"href":"https:\/\/duarteisabella.com\/en\/wp-json\/wp\/v2\/product_cat?post=875"},{"taxonomy":"product_tag","embeddable":true,"href":"https:\/\/duarteisabella.com\/en\/wp-json\/wp\/v2\/product_tag?post=875"}],"curies":[{"name":"wp","href":"https:\/\/api.w.org\/{rel}","templated":true}]}}