{"id":877,"date":"2025-04-10T16:35:52","date_gmt":"2025-04-10T21:35:52","guid":{"rendered":"https:\/\/duarteisabella.com\/?post_type=product&#038;p=877"},"modified":"2025-04-10T16:48:15","modified_gmt":"2025-04-10T21:48:15","slug":"aussie-panama","status":"publish","type":"product","link":"https:\/\/duarteisabella.com\/en\/product\/aussie-panama\/","title":{"rendered":"Aussie Panam\u00e1"},"content":{"rendered":"<h2>Descubre la elegancia y funcionalidad en cada detalle<\/h2>\n<p>Presentamos el Sombrero Toquilla Punto Fino, un accesorio que combina a la perfecci\u00f3n la est\u00e9tica del estilo australiano con la funcionalidad que necesitas para tus aventuras al aire libre. Este sombrero no solo es una protecci\u00f3n eficaz contra el sol, sino que tambi\u00e9n se convierte en una declaraci\u00f3n de estilo en cualquier ocasi\u00f3n. Hecho de toquilla de alta calidad, su dise\u00f1o liviano asegura que lo lleves c\u00f3modamente durante todo el d\u00eda.<\/p>\n<h2>Dise\u00f1o pensado para el aventurero moderno<\/h2>\n<p>La ala ligeramente inclinada del sombrero ofrece una sombra ideal, permiti\u00e9ndote disfrutar de la naturaleza sin preocuparte por los rayos solares. La cinta oscura que adorna la base del sombrero no solo resalta su atractivo visual, sino que tambi\u00e9n proporciona un ajuste seguro, manteniendo tu sombrero en su lugar sin importar las condiciones. Ya sea que est\u00e9s explorando el campo o simplemente paseando por la ciudad, este accesorio es el complemento ideal para cualquier outfit.<\/p>\n<h2>Versatilidad y estilo en un solo producto<\/h2>\n<p>El Sombrero Toquilla Punto Fino es m\u00e1s que un simple sombrero; es la combinaci\u00f3n perfecta de funcionalidad y est\u00e9tica. Su dise\u00f1o vers\u00e1til se adapta a diversas ocasiones, desde un d\u00eda de picnic en el parque hasta una escapada a la playa. Con su estilo aventurero, este sombrero es un must-have para aquellos que buscan expresar su personalidad y amor por la aventura. \u00a1No esperes m\u00e1s para a\u00f1adir esta pieza a tu colecci\u00f3n y disfrutar del aire libre con estilo!<\/p>","protected":false},"excerpt":{"rendered":"<p>Presentamos el Sombrero Toquilla Punto Fino, un accesorio que combina a la perfecci\u00f3n la est\u00e9tica del estilo australiano con la funcionalidad que necesitas para tus aventuras al aire libre. Este sombrero no solo es una protecci\u00f3n eficaz contra el sol, sino que tambi\u00e9n se convierte en una declaraci\u00f3n de estilo en cualquier ocasi\u00f3n. Hecho de toquilla de alta calidad, su dise\u00f1o liviano asegura que lo lleves c\u00f3modamente durante todo el d\u00eda.<\/p>","protected":false},"featured_media":761,"comment_status":"open","ping_status":"closed","template":"","meta":[],"product_brand":[],"product_cat":[31],"product_tag":[],"class_list":{"0":"post-877","1":"product","2":"type-product","3":"status-publish","4":"has-post-thumbnail","6":"product_cat-panama","8":"first","9":"instock","10":"shipping-taxable","11":"purchasable","12":"product-type-simple"},"_links":{"self":[{"href":"https:\/\/duarteisabella.com\/en\/wp-json\/wp\/v2\/product\/877","targetHints":{"allow":["GET"]}}],"collection":[{"href":"https:\/\/duarteisabella.com\/en\/wp-json\/wp\/v2\/product"}],"about":[{"href":"https:\/\/duarteisabella.com\/en\/wp-json\/wp\/v2\/types\/product"}],"replies":[{"embeddable":true,"href":"https:\/\/duarteisabella.com\/en\/wp-json\/wp\/v2\/comments?post=877"}],"wp:featuredmedia":[{"embeddable":true,"href":"https:\/\/duarteisabella.com\/en\/wp-json\/wp\/v2\/media\/761"}],"wp:attachment":[{"href":"https:\/\/duarteisabella.com\/en\/wp-json\/wp\/v2\/media?parent=877"}],"wp:term":[{"taxonomy":"product_brand","embeddable":true,"href":"https:\/\/duarteisabella.com\/en\/wp-json\/wp\/v2\/product_brand?post=877"},{"taxonomy":"product_cat","embeddable":true,"href":"https:\/\/duarteisabella.com\/en\/wp-json\/wp\/v2\/product_cat?post=877"},{"taxonomy":"product_tag","embeddable":true,"href":"https:\/\/duarteisabella.com\/en\/wp-json\/wp\/v2\/product_tag?post=877"}],"curies":[{"name":"wp","href":"https:\/\/api.w.org\/{rel}","templated":true}]}}