{"id":878,"date":"2025-04-10T16:41:06","date_gmt":"2025-04-10T21:41:06","guid":{"rendered":"https:\/\/duarteisabella.com\/?post_type=product&#038;p=878"},"modified":"2025-04-10T16:41:07","modified_gmt":"2025-04-10T21:41:07","slug":"sidney-panama","status":"publish","type":"product","link":"https:\/\/duarteisabella.com\/en\/product\/sidney-panama\/","title":{"rendered":"Sidney Panam\u00e1"},"content":{"rendered":"<h2>Descubre la Elegancia del Sombrero Panam\u00e1<\/h2>\n<p>El Sombrero Panam\u00e1 de Toquilla Punto Fino no es solo un accesorio, es una declaraci\u00f3n de estilo. Su dise\u00f1o sofisticado y l\u00edneas limpias son perfectos para quienes buscan agregar un toque de elegancia a su vestuario. Este sombrero destaca por su construcci\u00f3n en toquilla punto fino, un material que combina durabilidad con un acabado delicado.<\/p>\n<h2>Versatilidad y Comodidad en Cada Uso<\/h2>\n<p>Con un color natural que complementa cualquier atuendo, este sombrero se convierte en el complemento ideal para diversos estilos y ocasiones. Ya sea que planees un d\u00eda en la playa, una reuni\u00f3n al aire libre, o simplemente quieras protegerte del sol mientras disfrutas de un paseo, el Sombrero Panam\u00e1 se adapta perfectamente y ofrece comodidad sin renunciar al estilo.<\/p>\n<h2>Cuidado y Mantenimiento<\/h2>\n<p>Para asegurar que tu sombrero se mantenga en \u00f3ptimas condiciones, es importante seguir algunas recomendaciones de cuidado. Evita la exposici\u00f3n prolongada a la humedad y guarda el sombrero en un lugar seco. Si se ensucia, limpiarlo suavemente con un pa\u00f1o seco es generalmente suficiente para mantener su apariencia. Con un poco de atenci\u00f3n, podr\u00e1s disfrutar de la calidad y el estilo que este sombrero aporta durante mucho tiempo.<\/p>\n<p>En resumen, el Sombrero Panam\u00e1 de Toquilla Punto Fino no solo es un accesorio moderno y elegante, sino tambi\u00e9n una opci\u00f3n pr\u00e1ctica y c\u00f3moda. Agrega este sombrero a tu colecci\u00f3n y experimenta el equilibrio perfecto entre estilo y funcionalidad.<\/p>","protected":false},"excerpt":{"rendered":"<p>El Sombrero Panam\u00e1 de Toquilla Punto Fino no es solo un accesorio, es una declaraci\u00f3n de estilo. Su dise\u00f1o sofisticado y l\u00edneas limpias son perfectos para quienes buscan agregar un toque de elegancia a su vestuario. Este sombrero destaca por su construcci\u00f3n en toquilla punto fino, un material que combina durabilidad con un acabado delicado.<\/p>","protected":false},"featured_media":770,"comment_status":"open","ping_status":"closed","template":"","meta":[],"product_brand":[],"product_cat":[31],"product_tag":[],"class_list":{"0":"post-878","1":"product","2":"type-product","3":"status-publish","4":"has-post-thumbnail","6":"product_cat-panama","8":"first","9":"instock","10":"shipping-taxable","11":"purchasable","12":"product-type-simple"},"_links":{"self":[{"href":"https:\/\/duarteisabella.com\/en\/wp-json\/wp\/v2\/product\/878","targetHints":{"allow":["GET"]}}],"collection":[{"href":"https:\/\/duarteisabella.com\/en\/wp-json\/wp\/v2\/product"}],"about":[{"href":"https:\/\/duarteisabella.com\/en\/wp-json\/wp\/v2\/types\/product"}],"replies":[{"embeddable":true,"href":"https:\/\/duarteisabella.com\/en\/wp-json\/wp\/v2\/comments?post=878"}],"wp:featuredmedia":[{"embeddable":true,"href":"https:\/\/duarteisabella.com\/en\/wp-json\/wp\/v2\/media\/770"}],"wp:attachment":[{"href":"https:\/\/duarteisabella.com\/en\/wp-json\/wp\/v2\/media?parent=878"}],"wp:term":[{"taxonomy":"product_brand","embeddable":true,"href":"https:\/\/duarteisabella.com\/en\/wp-json\/wp\/v2\/product_brand?post=878"},{"taxonomy":"product_cat","embeddable":true,"href":"https:\/\/duarteisabella.com\/en\/wp-json\/wp\/v2\/product_cat?post=878"},{"taxonomy":"product_tag","embeddable":true,"href":"https:\/\/duarteisabella.com\/en\/wp-json\/wp\/v2\/product_tag?post=878"}],"curies":[{"name":"wp","href":"https:\/\/api.w.org\/{rel}","templated":true}]}}