{"id":88,"date":"2021-12-15T13:34:14","date_gmt":"2021-12-15T13:34:14","guid":{"rendered":"https:\/\/startersites.io\/blocksy\/garderobe\/?post_type=product&#038;p=88"},"modified":"2025-04-06T10:59:51","modified_gmt":"2025-04-06T15:59:51","slug":"elegant-bag","status":"publish","type":"product","link":"https:\/\/duarteisabella.com\/en\/product\/elegant-bag\/","title":{"rendered":"Wide Brim Canotier"},"content":{"rendered":"<h2>Un Cl\u00e1sico Atemporal<\/h2>\n<p>Presentamos el sombrero cl\u00e1sico de toquilla natural, una pieza esencial para aquellos que valoran tanto la protecci\u00f3n solar como la elegancia en su vestimenta. Este sombrero no es solo un accesorio, es una declaraci\u00f3n de estilo que complementa cualquier atuendo. Fabricado con materiales de alta calidad, garantiza durabilidad y comodidad, permiti\u00e9ndote disfrutar del verano sin preocupaciones.<\/p>\n<h2>Dise\u00f1o Elegante y Funcional<\/h2>\n<p>El sombrero cuenta con un lazo negro que no solo a\u00f1ade un toque de sofisticaci\u00f3n, sino que tambi\u00e9n realza su atractivo visual. Su ala ancha y hacia arriba proporciona una excelente cobertura, asegurando que tu rostro y cuello est\u00e9n protegidos de los rayos del sol. Ya sea en una boda en la playa, un d\u00eda de campo, o simplemente paseando por la ciudad, este sombrero es la elecci\u00f3n perfecta. Adem\u00e1s, su dise\u00f1o vers\u00e1til lo hace adecuado para diversas ocasiones, combinando con diferentes estilos y atuendos.<\/p>\n<h2>Calidad y Comodidad<\/h2>\n<p>Hecho de toquilla natural, este sombrero no solo es est\u00e9ticamente agradable, sino tambi\u00e9n c\u00f3modo de llevar. La transpirabilidad del material permite que tu cabeza se mantenga fresca incluso en los d\u00edas m\u00e1s calurosos. Al optar por este sombrero, inviertes en una pieza que no solo realza tu estilo, sino que tambi\u00e9n prioriza tu bienestar durante el uso. No dejes que el sol limite tus actividades al aire libre; con el sombrero cl\u00e1sico de toquilla, podr\u00e1s disfrutar de cada momento bajo el sol con confianza.<\/p>","protected":false},"excerpt":{"rendered":"<p>Material: Natural Toquilla Straw<\/p>\n<p>A classic and timeless hat, perfect for protecting yourself from the sun in style. Its black bow adds a touch of sophistication, while the wide, upturned brim offers excellent coverage.<\/p>","protected":false},"featured_media":748,"comment_status":"open","ping_status":"closed","template":"","meta":[],"product_brand":[],"product_cat":[16],"product_tag":[],"class_list":{"0":"post-88","1":"product","2":"type-product","3":"status-publish","4":"has-post-thumbnail","6":"product_cat-sin-categoria","8":"first","9":"instock","10":"shipping-taxable","11":"purchasable","12":"product-type-simple"},"_links":{"self":[{"href":"https:\/\/duarteisabella.com\/en\/wp-json\/wp\/v2\/product\/88","targetHints":{"allow":["GET"]}}],"collection":[{"href":"https:\/\/duarteisabella.com\/en\/wp-json\/wp\/v2\/product"}],"about":[{"href":"https:\/\/duarteisabella.com\/en\/wp-json\/wp\/v2\/types\/product"}],"replies":[{"embeddable":true,"href":"https:\/\/duarteisabella.com\/en\/wp-json\/wp\/v2\/comments?post=88"}],"wp:featuredmedia":[{"embeddable":true,"href":"https:\/\/duarteisabella.com\/en\/wp-json\/wp\/v2\/media\/748"}],"wp:attachment":[{"href":"https:\/\/duarteisabella.com\/en\/wp-json\/wp\/v2\/media?parent=88"}],"wp:term":[{"taxonomy":"product_brand","embeddable":true,"href":"https:\/\/duarteisabella.com\/en\/wp-json\/wp\/v2\/product_brand?post=88"},{"taxonomy":"product_cat","embeddable":true,"href":"https:\/\/duarteisabella.com\/en\/wp-json\/wp\/v2\/product_cat?post=88"},{"taxonomy":"product_tag","embeddable":true,"href":"https:\/\/duarteisabella.com\/en\/wp-json\/wp\/v2\/product_tag?post=88"}],"curies":[{"name":"wp","href":"https:\/\/api.w.org\/{rel}","templated":true}]}}